{"id":23,"date":"2019-07-27T12:22:23","date_gmt":"2019-07-27T10:22:23","guid":{"rendered":"http:\/\/piano-zen.de\/?page_id=23"},"modified":"2022-07-15T12:07:13","modified_gmt":"2022-07-15T10:07:13","slug":"kontakt","status":"publish","type":"page","link":"https:\/\/piano-zen.de\/?page_id=23","title":{"rendered":"Kontakt"},"content":{"rendered":"\n<p>Falls Sie f\u00fcr Unterricht oder eine Veranstaltung anfragen m\u00f6chten, schreiben Sie mir bitte an i.wagner@piano-zen.de.<\/p>\n\n\n\n<p>Disclaimer: Sofern nicht anderweitig vermerkt sind s\u00e4mtliche Inhalte auf der Seite von mir verfasst.<\/p>\n\n\n\n<figure class=\"wp-block-image size-large\"><img loading=\"lazy\" decoding=\"async\" width=\"1017\" height=\"1024\" src=\"https:\/\/piano-zen.de\/wp-content\/uploads\/2019\/10\/DSCF4228--1017x1024.jpg\" alt=\"\" class=\"wp-image-124\" srcset=\"https:\/\/piano-zen.de\/wp-content\/uploads\/2019\/10\/DSCF4228--1017x1024.jpg 1017w, https:\/\/piano-zen.de\/wp-content\/uploads\/2019\/10\/DSCF4228--150x150.jpg 150w, https:\/\/piano-zen.de\/wp-content\/uploads\/2019\/10\/DSCF4228--298x300.jpg 298w, https:\/\/piano-zen.de\/wp-content\/uploads\/2019\/10\/DSCF4228--768x774.jpg 768w, https:\/\/piano-zen.de\/wp-content\/uploads\/2019\/10\/DSCF4228--676x681.jpg 676w\" sizes=\"auto, (max-width: 1017px) 100vw, 1017px\" \/><\/figure>\n\n\n\n<pre class=\"wp-block-verse\">Impressum\nAngaben gem\u00e4\u00df \u00a7 5 TMG\nIrmela Wagner\nBunsenstr. 16\n69115 Heidelberg\nKontakt\nTelefon: [Telefonnummer]\nE-Mail: i.wagner@piano-zen.de\nUmsatzsteuer-ID\nUmsatzsteuer-Identifikationsnummer gem\u00e4\u00df \u00a7 27 a Umsatzsteuergesetz:\nX\nRedaktionell verantwortlich\nIrmela Wagner\nVerbraucherstreitbeilegung\/Universalschlichtungsstelle\nWir sind nicht bereit oder verpflichtet, an Streitbeilegungsverfahren vor einer\nVerbraucherschlichtungsstelle teilzunehmen.\nQuelle:\ne-recht24.de<\/pre>\n","protected":false},"excerpt":{"rendered":"<p>Falls Sie f\u00fcr Unterricht oder eine Veranstaltung anfragen m\u00f6chten, schreiben Sie mir bitte an i.wagner@piano-zen.de. Disclaimer: Sofern nicht anderweitig vermerkt sind s\u00e4mtliche Inhalte auf der Seite von mir verfasst. Impressum Angaben gem\u00e4\u00df \u00a7 5 TMG Irmela Wagner Bunsenstr. 16 69115 Heidelberg Kontakt Telefon: [Telefonnummer] E-Mail: i.wagner@piano-zen.de Umsatzsteuer-ID Umsatzsteuer-Identifikationsnummer gem\u00e4\u00df \u00a7 27 a Umsatzsteuergesetz: X Redaktionell [&hellip;]<\/p>\n","protected":false},"author":1,"featured_media":0,"parent":0,"menu_order":7,"comment_status":"closed","ping_status":"closed","template":"","meta":{"footnotes":""},"class_list":["post-23","page","type-page","status-publish","hentry","post-preview"],"yoast_head":"<!-- This site is optimized with the Yoast SEO plugin v27.4 - https:\/\/yoast.com\/product\/yoast-seo-wordpress\/ -->\n<title>Kontakt - Irmela Wagner<\/title>\n<meta name=\"robots\" content=\"index, follow, max-snippet:-1, max-image-preview:large, max-video-preview:-1\" \/>\n<link rel=\"canonical\" href=\"https:\/\/piano-zen.de\/?page_id=23\" \/>\n<meta property=\"og:locale\" content=\"de_DE\" \/>\n<meta property=\"og:type\" content=\"article\" \/>\n<meta property=\"og:title\" content=\"Kontakt - Irmela Wagner\" \/>\n<meta property=\"og:description\" content=\"Falls Sie f\u00fcr Unterricht oder eine Veranstaltung anfragen m\u00f6chten, schreiben Sie mir bitte an i.wagner@piano-zen.de. Disclaimer: Sofern nicht anderweitig vermerkt sind s\u00e4mtliche Inhalte auf der Seite von mir verfasst. Impressum Angaben gem\u00e4\u00df \u00a7 5 TMG Irmela Wagner Bunsenstr. 16 69115 Heidelberg Kontakt Telefon: [Telefonnummer] E-Mail: i.wagner@piano-zen.de Umsatzsteuer-ID Umsatzsteuer-Identifikationsnummer gem\u00e4\u00df \u00a7 27 a Umsatzsteuergesetz: X Redaktionell [&hellip;]\" \/>\n<meta property=\"og:url\" content=\"https:\/\/piano-zen.de\/?page_id=23\" \/>\n<meta property=\"og:site_name\" content=\"Irmela Wagner\" \/>\n<meta property=\"article:modified_time\" content=\"2022-07-15T10:07:13+00:00\" \/>\n<meta property=\"og:image\" content=\"http:\/\/piano-zen.de\/wp-content\/uploads\/2019\/10\/DSCF4228--1017x1024.jpg\" \/>\n<meta name=\"twitter:card\" content=\"summary_large_image\" \/>\n<script type=\"application\/ld+json\" class=\"yoast-schema-graph\">{\"@context\":\"https:\\\/\\\/schema.org\",\"@graph\":[{\"@type\":\"WebPage\",\"@id\":\"https:\\\/\\\/piano-zen.de\\\/?page_id=23\",\"url\":\"https:\\\/\\\/piano-zen.de\\\/?page_id=23\",\"name\":\"Kontakt - Irmela Wagner\",\"isPartOf\":{\"@id\":\"https:\\\/\\\/piano-zen.de\\\/#website\"},\"primaryImageOfPage\":{\"@id\":\"https:\\\/\\\/piano-zen.de\\\/?page_id=23#primaryimage\"},\"image\":{\"@id\":\"https:\\\/\\\/piano-zen.de\\\/?page_id=23#primaryimage\"},\"thumbnailUrl\":\"http:\\\/\\\/piano-zen.de\\\/wp-content\\\/uploads\\\/2019\\\/10\\\/DSCF4228--1017x1024.jpg\",\"datePublished\":\"2019-07-27T10:22:23+00:00\",\"dateModified\":\"2022-07-15T10:07:13+00:00\",\"breadcrumb\":{\"@id\":\"https:\\\/\\\/piano-zen.de\\\/?page_id=23#breadcrumb\"},\"inLanguage\":\"de\",\"potentialAction\":[{\"@type\":\"ReadAction\",\"target\":[\"https:\\\/\\\/piano-zen.de\\\/?page_id=23\"]}]},{\"@type\":\"ImageObject\",\"inLanguage\":\"de\",\"@id\":\"https:\\\/\\\/piano-zen.de\\\/?page_id=23#primaryimage\",\"url\":\"http:\\\/\\\/piano-zen.de\\\/wp-content\\\/uploads\\\/2019\\\/10\\\/DSCF4228--1017x1024.jpg\",\"contentUrl\":\"http:\\\/\\\/piano-zen.de\\\/wp-content\\\/uploads\\\/2019\\\/10\\\/DSCF4228--1017x1024.jpg\"},{\"@type\":\"BreadcrumbList\",\"@id\":\"https:\\\/\\\/piano-zen.de\\\/?page_id=23#breadcrumb\",\"itemListElement\":[{\"@type\":\"ListItem\",\"position\":1,\"name\":\"Startseite\",\"item\":\"https:\\\/\\\/piano-zen.de\\\/\"},{\"@type\":\"ListItem\",\"position\":2,\"name\":\"Kontakt\"}]},{\"@type\":\"WebSite\",\"@id\":\"https:\\\/\\\/piano-zen.de\\\/#website\",\"url\":\"https:\\\/\\\/piano-zen.de\\\/\",\"name\":\"Irmela Wagner\",\"description\":\"Pianistin, Musikphilosophin\",\"potentialAction\":[{\"@type\":\"SearchAction\",\"target\":{\"@type\":\"EntryPoint\",\"urlTemplate\":\"https:\\\/\\\/piano-zen.de\\\/?s={search_term_string}\"},\"query-input\":{\"@type\":\"PropertyValueSpecification\",\"valueRequired\":true,\"valueName\":\"search_term_string\"}}],\"inLanguage\":\"de\"}]}<\/script>\n<!-- \/ Yoast SEO plugin. -->","yoast_head_json":{"title":"Kontakt - Irmela Wagner","robots":{"index":"index","follow":"follow","max-snippet":"max-snippet:-1","max-image-preview":"max-image-preview:large","max-video-preview":"max-video-preview:-1"},"canonical":"https:\/\/piano-zen.de\/?page_id=23","og_locale":"de_DE","og_type":"article","og_title":"Kontakt - Irmela Wagner","og_description":"Falls Sie f\u00fcr Unterricht oder eine Veranstaltung anfragen m\u00f6chten, schreiben Sie mir bitte an i.wagner@piano-zen.de. Disclaimer: Sofern nicht anderweitig vermerkt sind s\u00e4mtliche Inhalte auf der Seite von mir verfasst. Impressum Angaben gem\u00e4\u00df \u00a7 5 TMG Irmela Wagner Bunsenstr. 16 69115 Heidelberg Kontakt Telefon: [Telefonnummer] E-Mail: i.wagner@piano-zen.de Umsatzsteuer-ID Umsatzsteuer-Identifikationsnummer gem\u00e4\u00df \u00a7 27 a Umsatzsteuergesetz: X Redaktionell [&hellip;]","og_url":"https:\/\/piano-zen.de\/?page_id=23","og_site_name":"Irmela Wagner","article_modified_time":"2022-07-15T10:07:13+00:00","og_image":[{"url":"http:\/\/piano-zen.de\/wp-content\/uploads\/2019\/10\/DSCF4228--1017x1024.jpg","type":"","width":"","height":""}],"twitter_card":"summary_large_image","schema":{"@context":"https:\/\/schema.org","@graph":[{"@type":"WebPage","@id":"https:\/\/piano-zen.de\/?page_id=23","url":"https:\/\/piano-zen.de\/?page_id=23","name":"Kontakt - Irmela Wagner","isPartOf":{"@id":"https:\/\/piano-zen.de\/#website"},"primaryImageOfPage":{"@id":"https:\/\/piano-zen.de\/?page_id=23#primaryimage"},"image":{"@id":"https:\/\/piano-zen.de\/?page_id=23#primaryimage"},"thumbnailUrl":"http:\/\/piano-zen.de\/wp-content\/uploads\/2019\/10\/DSCF4228--1017x1024.jpg","datePublished":"2019-07-27T10:22:23+00:00","dateModified":"2022-07-15T10:07:13+00:00","breadcrumb":{"@id":"https:\/\/piano-zen.de\/?page_id=23#breadcrumb"},"inLanguage":"de","potentialAction":[{"@type":"ReadAction","target":["https:\/\/piano-zen.de\/?page_id=23"]}]},{"@type":"ImageObject","inLanguage":"de","@id":"https:\/\/piano-zen.de\/?page_id=23#primaryimage","url":"http:\/\/piano-zen.de\/wp-content\/uploads\/2019\/10\/DSCF4228--1017x1024.jpg","contentUrl":"http:\/\/piano-zen.de\/wp-content\/uploads\/2019\/10\/DSCF4228--1017x1024.jpg"},{"@type":"BreadcrumbList","@id":"https:\/\/piano-zen.de\/?page_id=23#breadcrumb","itemListElement":[{"@type":"ListItem","position":1,"name":"Startseite","item":"https:\/\/piano-zen.de\/"},{"@type":"ListItem","position":2,"name":"Kontakt"}]},{"@type":"WebSite","@id":"https:\/\/piano-zen.de\/#website","url":"https:\/\/piano-zen.de\/","name":"Irmela Wagner","description":"Pianistin, Musikphilosophin","potentialAction":[{"@type":"SearchAction","target":{"@type":"EntryPoint","urlTemplate":"https:\/\/piano-zen.de\/?s={search_term_string}"},"query-input":{"@type":"PropertyValueSpecification","valueRequired":true,"valueName":"search_term_string"}}],"inLanguage":"de"}]}},"_links":{"self":[{"href":"https:\/\/piano-zen.de\/index.php?rest_route=\/wp\/v2\/pages\/23","targetHints":{"allow":["GET"]}}],"collection":[{"href":"https:\/\/piano-zen.de\/index.php?rest_route=\/wp\/v2\/pages"}],"about":[{"href":"https:\/\/piano-zen.de\/index.php?rest_route=\/wp\/v2\/types\/page"}],"author":[{"embeddable":true,"href":"https:\/\/piano-zen.de\/index.php?rest_route=\/wp\/v2\/users\/1"}],"replies":[{"embeddable":true,"href":"https:\/\/piano-zen.de\/index.php?rest_route=%2Fwp%2Fv2%2Fcomments&post=23"}],"version-history":[{"count":3,"href":"https:\/\/piano-zen.de\/index.php?rest_route=\/wp\/v2\/pages\/23\/revisions"}],"predecessor-version":[{"id":240,"href":"https:\/\/piano-zen.de\/index.php?rest_route=\/wp\/v2\/pages\/23\/revisions\/240"}],"wp:attachment":[{"href":"https:\/\/piano-zen.de\/index.php?rest_route=%2Fwp%2Fv2%2Fmedia&parent=23"}],"curies":[{"name":"wp","href":"https:\/\/api.w.org\/{rel}","templated":true}]}}