{"id":21,"date":"2019-07-27T12:21:39","date_gmt":"2019-07-27T10:21:39","guid":{"rendered":"http:\/\/piano-zen.de\/?page_id=21"},"modified":"2022-07-17T10:09:39","modified_gmt":"2022-07-17T08:09:39","slug":"mitmusiker","status":"publish","type":"page","link":"https:\/\/piano-zen.de\/?page_id=21","title":{"rendered":"Mitmusiker"},"content":{"rendered":"\n<div class=\"wp-block-media-text alignwide is-stacked-on-mobile\" style=\"grid-template-columns:23% auto\"><figure class=\"wp-block-media-text__media\"><img loading=\"lazy\" decoding=\"async\" width=\"251\" height=\"377\" src=\"https:\/\/piano-zen.de\/wp-content\/uploads\/2022\/07\/SonyaIsaak_n.jpg\" alt=\"\" class=\"wp-image-201 size-full\" srcset=\"https:\/\/piano-zen.de\/wp-content\/uploads\/2022\/07\/SonyaIsaak_n.jpg 251w, https:\/\/piano-zen.de\/wp-content\/uploads\/2022\/07\/SonyaIsaak_n-200x300.jpg 200w\" sizes=\"auto, (max-width: 251px) 100vw, 251px\" \/><\/figure><div class=\"wp-block-media-text__content\">\n<p><\/p>\n<\/div><\/div>\n\n\n\n<p><br>\nSONYA ISAAK<br>\nDie geb\u00fcrtige New Yorkerin besuchte nach ihrem Heidelberger Studium der Anglistik und Romanistik zun\u00e4chst die Accademia del Teatro di Cagli in Italien und deb\u00fctierte dort in \u201eSuor Angelica\u201c und \u201eLa Traviata\u201c. Von 2011 bis 2013 war sie Stipendiatin der Accademia Aimaro Bertasi in Verona. Unter anderem besuchte sie Kurse und Meisterkurse bei Luciana Serra (Cagli), Alberto Gazale (Verona), Bianca Maria Casoni und Richard Barker (Milano). Neben diversen Auftritten in Heidelberg ist sie demn\u00e4chst auch in Bologna und mit der Philharmonie in Bacau, Rum\u00e4nien zu h\u00f6ren. W\u00e4hrenddessen promoviert Sonya Isaak in Heidelberg \u00fcber Edgar Allan Poe, \u00fcber den sie auch gerade mit dem Italienischen Komponisten Andrea Albertin das Libretto f\u00fcr eine Oper schreibt, die Herr Albertin vertont.<\/p>\n\n\n\n<figure class=\"wp-block-image size-full is-resized\"><img loading=\"lazy\" decoding=\"async\" src=\"https:\/\/piano-zen.de\/wp-content\/uploads\/2022\/07\/simi.jpg\" alt=\"\" class=\"wp-image-220\" width=\"211\" height=\"333\"\/><\/figure>\n\n\n\n<p>SIMONE RIESE<br>\nStudierte zuerst Kirchenmusik an der Hochschule f\u00fcr Kirchenmusik in Heidelberg. Im Anschluss daran studierte sie in der k\u00fcnstlerischen Ausbildung Gesang bei Carola Keil (Heidelberg) und Lehramt f\u00fcr die Klassen 1-10 an der Universit\u00e4t Essen. Heute ist sie hauptberuflich Kirchenmusikerin in Essen-Altenessen. Neben dieser T\u00e4tigkeit arbeitet sie noch an einer Grundschule als JekiLehrerin in der ersten Klasse und erteilt privaten Musikunterricht. Mit ihrer Stimme gestaltete sie bereits Konzerte in Heidelberg, W\u00fcrzburg, Kirchhellen und Essen in den Bereichen Lied, JazzStandards und Oratorium. Ihr Repertoire umfasst unter anderem Kantaten, H\u00e4ndels Messias, Bachs Weihnachtsoratorium und Mendelssohns Elias.<\/p>\n","protected":false},"excerpt":{"rendered":"<p>SONYA ISAAK Die geb\u00fcrtige New Yorkerin besuchte nach ihrem Heidelberger Studium der Anglistik und Romanistik zun\u00e4chst die Accademia del Teatro di Cagli in Italien und deb\u00fctierte dort in \u201eSuor Angelica\u201c und \u201eLa Traviata\u201c. Von 2011 bis 2013 war sie Stipendiatin der Accademia Aimaro Bertasi in Verona. Unter anderem besuchte sie Kurse und Meisterkurse bei Luciana [&hellip;]<\/p>\n","protected":false},"author":1,"featured_media":0,"parent":0,"menu_order":4,"comment_status":"closed","ping_status":"closed","template":"","meta":{"footnotes":""},"class_list":["post-21","page","type-page","status-publish","hentry","post-preview"],"yoast_head":"<!-- This site is optimized with the Yoast SEO plugin v27.4 - https:\/\/yoast.com\/product\/yoast-seo-wordpress\/ -->\n<title>Mitmusiker - Irmela Wagner<\/title>\n<meta name=\"robots\" content=\"index, follow, max-snippet:-1, max-image-preview:large, max-video-preview:-1\" \/>\n<link rel=\"canonical\" href=\"https:\/\/piano-zen.de\/?page_id=21\" \/>\n<meta property=\"og:locale\" content=\"de_DE\" \/>\n<meta property=\"og:type\" content=\"article\" \/>\n<meta property=\"og:title\" content=\"Mitmusiker - Irmela Wagner\" \/>\n<meta property=\"og:description\" content=\"SONYA ISAAK Die geb\u00fcrtige New Yorkerin besuchte nach ihrem Heidelberger Studium der Anglistik und Romanistik zun\u00e4chst die Accademia del Teatro di Cagli in Italien und deb\u00fctierte dort in \u201eSuor Angelica\u201c und \u201eLa Traviata\u201c. Von 2011 bis 2013 war sie Stipendiatin der Accademia Aimaro Bertasi in Verona. Unter anderem besuchte sie Kurse und Meisterkurse bei Luciana [&hellip;]\" \/>\n<meta property=\"og:url\" content=\"https:\/\/piano-zen.de\/?page_id=21\" \/>\n<meta property=\"og:site_name\" content=\"Irmela Wagner\" \/>\n<meta property=\"article:modified_time\" content=\"2022-07-17T08:09:39+00:00\" \/>\n<meta property=\"og:image\" content=\"http:\/\/piano-zen.de\/wp-content\/uploads\/2022\/07\/SonyaIsaak_n.jpg\" \/>\n<meta name=\"twitter:card\" content=\"summary_large_image\" \/>\n<meta name=\"twitter:label1\" content=\"Gesch\u00e4tzte Lesezeit\" \/>\n\t<meta name=\"twitter:data1\" content=\"1\u00a0Minute\" \/>\n<script type=\"application\/ld+json\" class=\"yoast-schema-graph\">{\"@context\":\"https:\\\/\\\/schema.org\",\"@graph\":[{\"@type\":\"WebPage\",\"@id\":\"https:\\\/\\\/piano-zen.de\\\/?page_id=21\",\"url\":\"https:\\\/\\\/piano-zen.de\\\/?page_id=21\",\"name\":\"Mitmusiker - Irmela Wagner\",\"isPartOf\":{\"@id\":\"https:\\\/\\\/piano-zen.de\\\/#website\"},\"primaryImageOfPage\":{\"@id\":\"https:\\\/\\\/piano-zen.de\\\/?page_id=21#primaryimage\"},\"image\":{\"@id\":\"https:\\\/\\\/piano-zen.de\\\/?page_id=21#primaryimage\"},\"thumbnailUrl\":\"http:\\\/\\\/piano-zen.de\\\/wp-content\\\/uploads\\\/2022\\\/07\\\/SonyaIsaak_n.jpg\",\"datePublished\":\"2019-07-27T10:21:39+00:00\",\"dateModified\":\"2022-07-17T08:09:39+00:00\",\"breadcrumb\":{\"@id\":\"https:\\\/\\\/piano-zen.de\\\/?page_id=21#breadcrumb\"},\"inLanguage\":\"de\",\"potentialAction\":[{\"@type\":\"ReadAction\",\"target\":[\"https:\\\/\\\/piano-zen.de\\\/?page_id=21\"]}]},{\"@type\":\"ImageObject\",\"inLanguage\":\"de\",\"@id\":\"https:\\\/\\\/piano-zen.de\\\/?page_id=21#primaryimage\",\"url\":\"http:\\\/\\\/piano-zen.de\\\/wp-content\\\/uploads\\\/2022\\\/07\\\/SonyaIsaak_n.jpg\",\"contentUrl\":\"http:\\\/\\\/piano-zen.de\\\/wp-content\\\/uploads\\\/2022\\\/07\\\/SonyaIsaak_n.jpg\"},{\"@type\":\"BreadcrumbList\",\"@id\":\"https:\\\/\\\/piano-zen.de\\\/?page_id=21#breadcrumb\",\"itemListElement\":[{\"@type\":\"ListItem\",\"position\":1,\"name\":\"Startseite\",\"item\":\"https:\\\/\\\/piano-zen.de\\\/\"},{\"@type\":\"ListItem\",\"position\":2,\"name\":\"Mitmusiker\"}]},{\"@type\":\"WebSite\",\"@id\":\"https:\\\/\\\/piano-zen.de\\\/#website\",\"url\":\"https:\\\/\\\/piano-zen.de\\\/\",\"name\":\"Irmela Wagner\",\"description\":\"Pianistin, Musikphilosophin\",\"potentialAction\":[{\"@type\":\"SearchAction\",\"target\":{\"@type\":\"EntryPoint\",\"urlTemplate\":\"https:\\\/\\\/piano-zen.de\\\/?s={search_term_string}\"},\"query-input\":{\"@type\":\"PropertyValueSpecification\",\"valueRequired\":true,\"valueName\":\"search_term_string\"}}],\"inLanguage\":\"de\"}]}<\/script>\n<!-- \/ Yoast SEO plugin. -->","yoast_head_json":{"title":"Mitmusiker - Irmela Wagner","robots":{"index":"index","follow":"follow","max-snippet":"max-snippet:-1","max-image-preview":"max-image-preview:large","max-video-preview":"max-video-preview:-1"},"canonical":"https:\/\/piano-zen.de\/?page_id=21","og_locale":"de_DE","og_type":"article","og_title":"Mitmusiker - Irmela Wagner","og_description":"SONYA ISAAK Die geb\u00fcrtige New Yorkerin besuchte nach ihrem Heidelberger Studium der Anglistik und Romanistik zun\u00e4chst die Accademia del Teatro di Cagli in Italien und deb\u00fctierte dort in \u201eSuor Angelica\u201c und \u201eLa Traviata\u201c. Von 2011 bis 2013 war sie Stipendiatin der Accademia Aimaro Bertasi in Verona. Unter anderem besuchte sie Kurse und Meisterkurse bei Luciana [&hellip;]","og_url":"https:\/\/piano-zen.de\/?page_id=21","og_site_name":"Irmela Wagner","article_modified_time":"2022-07-17T08:09:39+00:00","og_image":[{"url":"http:\/\/piano-zen.de\/wp-content\/uploads\/2022\/07\/SonyaIsaak_n.jpg","type":"","width":"","height":""}],"twitter_card":"summary_large_image","twitter_misc":{"Gesch\u00e4tzte Lesezeit":"1\u00a0Minute"},"schema":{"@context":"https:\/\/schema.org","@graph":[{"@type":"WebPage","@id":"https:\/\/piano-zen.de\/?page_id=21","url":"https:\/\/piano-zen.de\/?page_id=21","name":"Mitmusiker - Irmela Wagner","isPartOf":{"@id":"https:\/\/piano-zen.de\/#website"},"primaryImageOfPage":{"@id":"https:\/\/piano-zen.de\/?page_id=21#primaryimage"},"image":{"@id":"https:\/\/piano-zen.de\/?page_id=21#primaryimage"},"thumbnailUrl":"http:\/\/piano-zen.de\/wp-content\/uploads\/2022\/07\/SonyaIsaak_n.jpg","datePublished":"2019-07-27T10:21:39+00:00","dateModified":"2022-07-17T08:09:39+00:00","breadcrumb":{"@id":"https:\/\/piano-zen.de\/?page_id=21#breadcrumb"},"inLanguage":"de","potentialAction":[{"@type":"ReadAction","target":["https:\/\/piano-zen.de\/?page_id=21"]}]},{"@type":"ImageObject","inLanguage":"de","@id":"https:\/\/piano-zen.de\/?page_id=21#primaryimage","url":"http:\/\/piano-zen.de\/wp-content\/uploads\/2022\/07\/SonyaIsaak_n.jpg","contentUrl":"http:\/\/piano-zen.de\/wp-content\/uploads\/2022\/07\/SonyaIsaak_n.jpg"},{"@type":"BreadcrumbList","@id":"https:\/\/piano-zen.de\/?page_id=21#breadcrumb","itemListElement":[{"@type":"ListItem","position":1,"name":"Startseite","item":"https:\/\/piano-zen.de\/"},{"@type":"ListItem","position":2,"name":"Mitmusiker"}]},{"@type":"WebSite","@id":"https:\/\/piano-zen.de\/#website","url":"https:\/\/piano-zen.de\/","name":"Irmela Wagner","description":"Pianistin, Musikphilosophin","potentialAction":[{"@type":"SearchAction","target":{"@type":"EntryPoint","urlTemplate":"https:\/\/piano-zen.de\/?s={search_term_string}"},"query-input":{"@type":"PropertyValueSpecification","valueRequired":true,"valueName":"search_term_string"}}],"inLanguage":"de"}]}},"_links":{"self":[{"href":"https:\/\/piano-zen.de\/index.php?rest_route=\/wp\/v2\/pages\/21","targetHints":{"allow":["GET"]}}],"collection":[{"href":"https:\/\/piano-zen.de\/index.php?rest_route=\/wp\/v2\/pages"}],"about":[{"href":"https:\/\/piano-zen.de\/index.php?rest_route=\/wp\/v2\/types\/page"}],"author":[{"embeddable":true,"href":"https:\/\/piano-zen.de\/index.php?rest_route=\/wp\/v2\/users\/1"}],"replies":[{"embeddable":true,"href":"https:\/\/piano-zen.de\/index.php?rest_route=%2Fwp%2Fv2%2Fcomments&post=21"}],"version-history":[{"count":3,"href":"https:\/\/piano-zen.de\/index.php?rest_route=\/wp\/v2\/pages\/21\/revisions"}],"predecessor-version":[{"id":224,"href":"https:\/\/piano-zen.de\/index.php?rest_route=\/wp\/v2\/pages\/21\/revisions\/224"}],"wp:attachment":[{"href":"https:\/\/piano-zen.de\/index.php?rest_route=%2Fwp%2Fv2%2Fmedia&parent=21"}],"curies":[{"name":"wp","href":"https:\/\/api.w.org\/{rel}","templated":true}]}}