{"id":2,"date":"2019-07-27T03:48:21","date_gmt":"2019-07-27T01:48:21","guid":{"rendered":"http:\/\/piano-zen.de\/?page_id=2"},"modified":"2024-10-08T16:47:29","modified_gmt":"2024-10-08T14:47:29","slug":"sample-page","status":"publish","type":"page","link":"https:\/\/piano-zen.de\/?page_id=2","title":{"rendered":"Bio"},"content":{"rendered":"\n<figure class=\"wp-block-image size-large is-resized\"><img loading=\"lazy\" decoding=\"async\" width=\"1024\" height=\"725\" src=\"https:\/\/piano-zen.de\/wp-content\/uploads\/2024\/10\/20240723_130608_-1024x725.jpg\" alt=\"Irmela Wagner\" class=\"wp-image-361\" srcset=\"https:\/\/piano-zen.de\/wp-content\/uploads\/2024\/10\/20240723_130608_-1024x725.jpg 1024w, https:\/\/piano-zen.de\/wp-content\/uploads\/2024\/10\/20240723_130608_-300x212.jpg 300w, https:\/\/piano-zen.de\/wp-content\/uploads\/2024\/10\/20240723_130608_-768x544.jpg 768w, https:\/\/piano-zen.de\/wp-content\/uploads\/2024\/10\/20240723_130608_-1536x1087.jpg 1536w, https:\/\/piano-zen.de\/wp-content\/uploads\/2024\/10\/20240723_130608_-2048x1450.jpg 2048w, https:\/\/piano-zen.de\/wp-content\/uploads\/2024\/10\/20240723_130608_-676x479.jpg 676w\" sizes=\"auto, (max-width: 1024px) 100vw, 1024px\" \/><figcaption class=\"wp-element-caption\">Irmela Wagner<\/figcaption><\/figure>\n\n\n\n<pre class=\"wp-block-verse\">Die innere Sprache der Musik zu verstehen, dazu braucht es nicht nur Technik, sondern&nbsp; Einf\u00fchlungsverm\u00f6gen. Was Irmela Wagner in ihrem Spiel mitteilt, ist mehr als Noten, leere Tonreihen. Es ist der Zugang zu Gedanken und \u00e4sthetischen Ideen, die jenseits der Sprache liegen. Aus ihr spricht die Philosophin, der Logik nicht genug war. Musik machen, Musik f\u00fchlen - das ist beispielhaftes Verstehen, wo Philosophie nur abstrakte Reflexionen anbietet. In der Musik geht es vor allem um das letzte gro\u00dfe Mysterium des Seins, die Zeit. Genau wie es irrig w\u00e4re anzunehmen, dass es nur das \u201eJetzt\u201c gibt, ist es irrig anzunehmen, dass es nur das \u201eIch\u201c gibt. Alles ist mit allem vernetzt und verbunden und streckt sich so \u00fcber sich selbst hinaus. Die Musik lehrt uns das in ihrem rauschenden Fortgang, ihrem steten Wandel, der doch um seine Vergangenheit und Zukunft wei\u00df. Vor allem aber l\u00e4sst sie uns im besten Falle im Konzert gemeinsam F\u00fchlen.<\/pre>\n\n\n\n<pre class=\"wp-block-verse\">Vita:<br>Irmela Wagner wurde in eine musikalische Familie geboren und erhielt mit 6 ersten Klavierunterricht, besuchte ab der 7. Klasse ein musisches Gymnasium und erhielt zuletzt Klavierunterricht bei der russischen Pianistin Eva Smirnova. Nach dem Abitur mit Musik als Leistungskurs studierte sie Philosophie, Germanistik und Musikwissenschaft in W\u00fcrzburg und Heidelberg, wo sie 2013 mit einem Magister Artium abschloss. Seitdem arbeitet sie als selbstst\u00e4ndige Pianistin und Musikp\u00e4dagogin in Heidelberg und Mannheim.<br>Von 2014-2015 absolvierte sie das Aufbaustudium \"Klavier Aktuell\" an der Bundesakademie f\u00fcr musikalische Jugendbildung Trossingen. Au\u00dferdem nahm sie an internationalen Wettbewerben teil und absolvierte zuletzt eine Klavier Meisterklasse bei Gabriele Leporatti. Mitglied im Tonk\u00fcnstlerverband Baden-W\u00fcrttemberg.<\/pre>\n\n\n\n<figure class=\"wp-block-image size-full\"><img loading=\"lazy\" decoding=\"async\" width=\"676\" height=\"507\" src=\"https:\/\/piano-zen.de\/wp-content\/uploads\/2019\/07\/dsc01823.jpg\" alt=\"\" class=\"wp-image-84\" srcset=\"https:\/\/piano-zen.de\/wp-content\/uploads\/2019\/07\/dsc01823.jpg 676w, https:\/\/piano-zen.de\/wp-content\/uploads\/2019\/07\/dsc01823-300x225.jpg 300w\" sizes=\"auto, (max-width: 676px) 100vw, 676px\" \/><figcaption class=\"wp-element-caption\">Irmela Wagner mit ihrer Klavierlehrerin Eva Smirnova (Bad Kissingen)<\/figcaption><\/figure>\n\n\n\n<figure class=\"wp-block-image size-large\"><img loading=\"lazy\" decoding=\"async\" width=\"1024\" height=\"685\" src=\"https:\/\/piano-zen.de\/wp-content\/uploads\/2024\/10\/DSC_1806b-1024x685.jpg\" alt=\"Irmela Wagner\" class=\"wp-image-362\" srcset=\"https:\/\/piano-zen.de\/wp-content\/uploads\/2024\/10\/DSC_1806b-1024x685.jpg 1024w, https:\/\/piano-zen.de\/wp-content\/uploads\/2024\/10\/DSC_1806b-300x201.jpg 300w, https:\/\/piano-zen.de\/wp-content\/uploads\/2024\/10\/DSC_1806b-768x514.jpg 768w, https:\/\/piano-zen.de\/wp-content\/uploads\/2024\/10\/DSC_1806b-1536x1028.jpg 1536w, https:\/\/piano-zen.de\/wp-content\/uploads\/2024\/10\/DSC_1806b-2048x1371.jpg 2048w, https:\/\/piano-zen.de\/wp-content\/uploads\/2024\/10\/DSC_1806b-676x453.jpg 676w\" sizes=\"auto, (max-width: 1024px) 100vw, 1024px\" \/><\/figure>\n\n\n\n<div data-wp-interactive=\"core\/file\" class=\"wp-block-file\"><object data-wp-bind--hidden=\"!state.hasPdfPreview\" hidden class=\"wp-block-file__embed\" data=\"https:\/\/piano-zen.de\/wp-content\/uploads\/2023\/11\/Curriculum-Vita.pdf\" type=\"application\/pdf\" style=\"width:100%;height:600px\" aria-label=\"Einbettung von Curriculum Vita.\"><\/object><a id=\"wp-block-file--media-820dee84-bbc9-4753-9cd1-6300fd1958e8\" href=\"https:\/\/piano-zen.de\/wp-content\/uploads\/2023\/11\/Curriculum-Vita.pdf\">Curriculum Vita<\/a><a href=\"https:\/\/piano-zen.de\/wp-content\/uploads\/2023\/11\/Curriculum-Vita.pdf\" class=\"wp-block-file__button wp-element-button\" download aria-describedby=\"wp-block-file--media-820dee84-bbc9-4753-9cd1-6300fd1958e8\">Herunterladen<\/a><\/div>\n","protected":false},"excerpt":{"rendered":"<p>Die innere Sprache der Musik zu verstehen, dazu braucht es nicht nur Technik, sondern&nbsp; Einf\u00fchlungsverm\u00f6gen. Was Irmela Wagner in ihrem Spiel mitteilt, ist mehr als Noten, leere Tonreihen. Es ist der Zugang zu Gedanken und \u00e4sthetischen Ideen, die jenseits der Sprache liegen. Aus ihr spricht die Philosophin, der Logik nicht genug war. Musik machen, Musik [&hellip;]<\/p>\n","protected":false},"author":1,"featured_media":0,"parent":0,"menu_order":1,"comment_status":"closed","ping_status":"closed","template":"","meta":{"footnotes":""},"class_list":["post-2","page","type-page","status-publish","hentry","post-preview"],"yoast_head":"<!-- This site is optimized with the Yoast SEO plugin v27.5 - https:\/\/yoast.com\/product\/yoast-seo-wordpress\/ -->\n<title>Bio - Irmela Wagner<\/title>\n<meta name=\"robots\" content=\"index, follow, max-snippet:-1, max-image-preview:large, max-video-preview:-1\" \/>\n<link rel=\"canonical\" href=\"https:\/\/piano-zen.de\/?page_id=2\" \/>\n<meta property=\"og:locale\" content=\"de_DE\" \/>\n<meta property=\"og:type\" content=\"article\" \/>\n<meta property=\"og:title\" content=\"Bio - Irmela Wagner\" \/>\n<meta property=\"og:description\" content=\"Die innere Sprache der Musik zu verstehen, dazu braucht es nicht nur Technik, sondern&nbsp; Einf\u00fchlungsverm\u00f6gen. Was Irmela Wagner in ihrem Spiel mitteilt, ist mehr als Noten, leere Tonreihen. Es ist der Zugang zu Gedanken und \u00e4sthetischen Ideen, die jenseits der Sprache liegen. Aus ihr spricht die Philosophin, der Logik nicht genug war. Musik machen, Musik [&hellip;]\" \/>\n<meta property=\"og:url\" content=\"https:\/\/piano-zen.de\/?page_id=2\" \/>\n<meta property=\"og:site_name\" content=\"Irmela Wagner\" \/>\n<meta property=\"article:modified_time\" content=\"2024-10-08T14:47:29+00:00\" \/>\n<meta property=\"og:image\" content=\"https:\/\/piano-zen.de\/wp-content\/uploads\/2024\/10\/20240723_130608_-1024x725.jpg\" \/>\n<meta name=\"twitter:card\" content=\"summary_large_image\" \/>\n<meta name=\"twitter:label1\" content=\"Gesch\u00e4tzte Lesezeit\" \/>\n\t<meta name=\"twitter:data1\" content=\"1\u00a0Minute\" \/>\n<script type=\"application\/ld+json\" class=\"yoast-schema-graph\">{\"@context\":\"https:\\\/\\\/schema.org\",\"@graph\":[{\"@type\":\"WebPage\",\"@id\":\"https:\\\/\\\/piano-zen.de\\\/?page_id=2\",\"url\":\"https:\\\/\\\/piano-zen.de\\\/?page_id=2\",\"name\":\"Bio - Irmela Wagner\",\"isPartOf\":{\"@id\":\"https:\\\/\\\/piano-zen.de\\\/#website\"},\"primaryImageOfPage\":{\"@id\":\"https:\\\/\\\/piano-zen.de\\\/?page_id=2#primaryimage\"},\"image\":{\"@id\":\"https:\\\/\\\/piano-zen.de\\\/?page_id=2#primaryimage\"},\"thumbnailUrl\":\"https:\\\/\\\/piano-zen.de\\\/wp-content\\\/uploads\\\/2024\\\/10\\\/20240723_130608_-1024x725.jpg\",\"datePublished\":\"2019-07-27T01:48:21+00:00\",\"dateModified\":\"2024-10-08T14:47:29+00:00\",\"breadcrumb\":{\"@id\":\"https:\\\/\\\/piano-zen.de\\\/?page_id=2#breadcrumb\"},\"inLanguage\":\"de\",\"potentialAction\":[{\"@type\":\"ReadAction\",\"target\":[\"https:\\\/\\\/piano-zen.de\\\/?page_id=2\"]}]},{\"@type\":\"ImageObject\",\"inLanguage\":\"de\",\"@id\":\"https:\\\/\\\/piano-zen.de\\\/?page_id=2#primaryimage\",\"url\":\"https:\\\/\\\/piano-zen.de\\\/wp-content\\\/uploads\\\/2024\\\/10\\\/20240723_130608_-scaled.jpg\",\"contentUrl\":\"https:\\\/\\\/piano-zen.de\\\/wp-content\\\/uploads\\\/2024\\\/10\\\/20240723_130608_-scaled.jpg\",\"width\":2560,\"height\":1812,\"caption\":\"Irmela Wagner\"},{\"@type\":\"BreadcrumbList\",\"@id\":\"https:\\\/\\\/piano-zen.de\\\/?page_id=2#breadcrumb\",\"itemListElement\":[{\"@type\":\"ListItem\",\"position\":1,\"name\":\"Startseite\",\"item\":\"https:\\\/\\\/piano-zen.de\\\/\"},{\"@type\":\"ListItem\",\"position\":2,\"name\":\"Bio\"}]},{\"@type\":\"WebSite\",\"@id\":\"https:\\\/\\\/piano-zen.de\\\/#website\",\"url\":\"https:\\\/\\\/piano-zen.de\\\/\",\"name\":\"Irmela Wagner\",\"description\":\"Pianistin, Musikphilosophin\",\"potentialAction\":[{\"@type\":\"SearchAction\",\"target\":{\"@type\":\"EntryPoint\",\"urlTemplate\":\"https:\\\/\\\/piano-zen.de\\\/?s={search_term_string}\"},\"query-input\":{\"@type\":\"PropertyValueSpecification\",\"valueRequired\":true,\"valueName\":\"search_term_string\"}}],\"inLanguage\":\"de\"}]}<\/script>\n<!-- \/ Yoast SEO plugin. -->","yoast_head_json":{"title":"Bio - Irmela Wagner","robots":{"index":"index","follow":"follow","max-snippet":"max-snippet:-1","max-image-preview":"max-image-preview:large","max-video-preview":"max-video-preview:-1"},"canonical":"https:\/\/piano-zen.de\/?page_id=2","og_locale":"de_DE","og_type":"article","og_title":"Bio - Irmela Wagner","og_description":"Die innere Sprache der Musik zu verstehen, dazu braucht es nicht nur Technik, sondern&nbsp; Einf\u00fchlungsverm\u00f6gen. Was Irmela Wagner in ihrem Spiel mitteilt, ist mehr als Noten, leere Tonreihen. Es ist der Zugang zu Gedanken und \u00e4sthetischen Ideen, die jenseits der Sprache liegen. Aus ihr spricht die Philosophin, der Logik nicht genug war. Musik machen, Musik [&hellip;]","og_url":"https:\/\/piano-zen.de\/?page_id=2","og_site_name":"Irmela Wagner","article_modified_time":"2024-10-08T14:47:29+00:00","og_image":[{"url":"https:\/\/piano-zen.de\/wp-content\/uploads\/2024\/10\/20240723_130608_-1024x725.jpg","type":"","width":"","height":""}],"twitter_card":"summary_large_image","twitter_misc":{"Gesch\u00e4tzte Lesezeit":"1\u00a0Minute"},"schema":{"@context":"https:\/\/schema.org","@graph":[{"@type":"WebPage","@id":"https:\/\/piano-zen.de\/?page_id=2","url":"https:\/\/piano-zen.de\/?page_id=2","name":"Bio - Irmela Wagner","isPartOf":{"@id":"https:\/\/piano-zen.de\/#website"},"primaryImageOfPage":{"@id":"https:\/\/piano-zen.de\/?page_id=2#primaryimage"},"image":{"@id":"https:\/\/piano-zen.de\/?page_id=2#primaryimage"},"thumbnailUrl":"https:\/\/piano-zen.de\/wp-content\/uploads\/2024\/10\/20240723_130608_-1024x725.jpg","datePublished":"2019-07-27T01:48:21+00:00","dateModified":"2024-10-08T14:47:29+00:00","breadcrumb":{"@id":"https:\/\/piano-zen.de\/?page_id=2#breadcrumb"},"inLanguage":"de","potentialAction":[{"@type":"ReadAction","target":["https:\/\/piano-zen.de\/?page_id=2"]}]},{"@type":"ImageObject","inLanguage":"de","@id":"https:\/\/piano-zen.de\/?page_id=2#primaryimage","url":"https:\/\/piano-zen.de\/wp-content\/uploads\/2024\/10\/20240723_130608_-scaled.jpg","contentUrl":"https:\/\/piano-zen.de\/wp-content\/uploads\/2024\/10\/20240723_130608_-scaled.jpg","width":2560,"height":1812,"caption":"Irmela Wagner"},{"@type":"BreadcrumbList","@id":"https:\/\/piano-zen.de\/?page_id=2#breadcrumb","itemListElement":[{"@type":"ListItem","position":1,"name":"Startseite","item":"https:\/\/piano-zen.de\/"},{"@type":"ListItem","position":2,"name":"Bio"}]},{"@type":"WebSite","@id":"https:\/\/piano-zen.de\/#website","url":"https:\/\/piano-zen.de\/","name":"Irmela Wagner","description":"Pianistin, Musikphilosophin","potentialAction":[{"@type":"SearchAction","target":{"@type":"EntryPoint","urlTemplate":"https:\/\/piano-zen.de\/?s={search_term_string}"},"query-input":{"@type":"PropertyValueSpecification","valueRequired":true,"valueName":"search_term_string"}}],"inLanguage":"de"}]}},"_links":{"self":[{"href":"https:\/\/piano-zen.de\/index.php?rest_route=\/wp\/v2\/pages\/2","targetHints":{"allow":["GET"]}}],"collection":[{"href":"https:\/\/piano-zen.de\/index.php?rest_route=\/wp\/v2\/pages"}],"about":[{"href":"https:\/\/piano-zen.de\/index.php?rest_route=\/wp\/v2\/types\/page"}],"author":[{"embeddable":true,"href":"https:\/\/piano-zen.de\/index.php?rest_route=\/wp\/v2\/users\/1"}],"replies":[{"embeddable":true,"href":"https:\/\/piano-zen.de\/index.php?rest_route=%2Fwp%2Fv2%2Fcomments&post=2"}],"version-history":[{"count":11,"href":"https:\/\/piano-zen.de\/index.php?rest_route=\/wp\/v2\/pages\/2\/revisions"}],"predecessor-version":[{"id":365,"href":"https:\/\/piano-zen.de\/index.php?rest_route=\/wp\/v2\/pages\/2\/revisions\/365"}],"wp:attachment":[{"href":"https:\/\/piano-zen.de\/index.php?rest_route=%2Fwp%2Fv2%2Fmedia&parent=2"}],"curies":[{"name":"wp","href":"https:\/\/api.w.org\/{rel}","templated":true}]}}